{"id":71,"date":"2026-04-19T20:50:06","date_gmt":"2026-04-19T18:50:06","guid":{"rendered":"https:\/\/www.glueckauf-media.de\/?page_id=71"},"modified":"2026-04-19T20:51:35","modified_gmt":"2026-04-19T18:51:35","slug":"ueber-mich","status":"publish","type":"page","link":"https:\/\/glueckauf-media.de\/?page_id=71","title":{"rendered":"\u00dcber mich"},"content":{"rendered":"\n<div class=\"wp-block-uagb-container uagb-layout-flex uagb-block-eycgmzt9 alignfull uagb-is-root-container\"><div class=\"uagb-container-inner-blocks-wrap\">\n<div class=\"wp-block-uagb-info-box uagb-block-kncgupzf uagb-infobox__content-wrap  uagb-infobox-icon-above-title uagb-infobox-image-valign-top\"><div class=\"uagb-ifb-content\"><div class=\"uagb-ifb-title-wrap\"><h1 class=\"uagb-ifb-title\">\u00dcber mich \u2013 Der Kopf hinter Gl\u00fcck Auf Media<\/h1><\/div><p class=\"uagb-ifb-desc\"><br>Gl\u00fcck Auf! Ich bin Philipp.<br>Meine Faszination f\u00fcr das Verborgene begann lange, bevor Begriffe wie \u201eUrbex\u201c oder \u201eLost Places\u201c \u00fcberhaupt existierten. Angefangen hat alles vor \u00fcber 20 Jahren, als ich mit einem Kumpel anfing, die ersten verlassenen Anlagen zu erkunden. Der eigentliche Grundstein wurde aber noch viel fr\u00fcher gelegt: Schon als kleines Kind stand ich im D\u00e4nemark-Urlaub staunend vor den massiven, alten Bunkern. Diese Begeisterung f\u00fcr historische, vergessene Strukturen hat mich seitdem nicht mehr losgelassen.<br>Die Faszination: Abenteuer und Dokumentation<br>Bei meinen Touren geht es mir um das Gesamtpaket. Es ist die k\u00f6rperliche Herausforderung, tief in ein Bergwerk einzusteigen oder sich durch unwegsames Gel\u00e4nde zu schlagen. Es ist das pure Abenteuer. Und es ist die fotografische Herausforderung, diese oft stockfinsteren Orte ins richtige Licht zu r\u00fccken und authentisch zu dokumentieren. Ich bin auf diesen Touren selten ein Einzelk\u00e4mpfer, sondern meistens mit meiner Freundin und ein paar verl\u00e4sslichen Kumpels unterwegs \u2013 denn gerade unter Tage ist ein Team, dem man blind vertrauen kann, alles.<br>Ausr\u00fcstung aus \u00dcberzeugung<br>Wer an verlassenen Orten oder tief im Berg unterwegs ist, merkt schnell, was funktioniert und was nicht. Mein technisches Wissen habe ich nicht aus dem Lehrbuch, sondern mir \u00fcber die Jahre durch unz\u00e4hlige Tests und harte Praxis-Erfahrungen selbst angeeignet. Ich habe einfach riesigen Spa\u00df daran, neue Sachen auszuprobieren und mein Setup immer wieder mit frischer Ausr\u00fcstung zu erweitern und zu optimieren.<br>Warum \u201eGl\u00fcck Auf\u201c?<br>Der Name meines Projekts ist kein Zufall. Ich bin mit dem Gru\u00df \u201eGl\u00fcck Auf\u201c aufgewachsen. F\u00fcr mich ist das nicht nur ein Spruch, sondern der Ausdruck von tiefem Respekt \u2013 vor der harten Tradition des Bergbaus und vor der Geschichte der Orte, die wir heute besuchen.<br>Sch\u00f6n, dass du den Weg hierher gefunden hast.<\/p><\/div><\/div>\n<\/div><\/div>\n","protected":false},"excerpt":{"rendered":"","protected":false},"author":1,"featured_media":0,"parent":0,"menu_order":0,"comment_status":"closed","ping_status":"closed","template":"","meta":{"_uag_custom_page_level_css":"","footnotes":""},"class_list":["post-71","page","type-page","status-publish"],"uagb_featured_image_src":{"full":false,"thumbnail":false,"medium":false,"medium_large":false,"large":false,"1536x1536":false,"2048x2048":false},"uagb_author_info":{"display_name":"Phil87","author_link":"https:\/\/glueckauf-media.de\/?author=1"},"uagb_comment_info":0,"uagb_excerpt":null,"_links":{"self":[{"href":"https:\/\/glueckauf-media.de\/index.php?rest_route=\/wp\/v2\/pages\/71","targetHints":{"allow":["GET"]}}],"collection":[{"href":"https:\/\/glueckauf-media.de\/index.php?rest_route=\/wp\/v2\/pages"}],"about":[{"href":"https:\/\/glueckauf-media.de\/index.php?rest_route=\/wp\/v2\/types\/page"}],"author":[{"embeddable":true,"href":"https:\/\/glueckauf-media.de\/index.php?rest_route=\/wp\/v2\/users\/1"}],"replies":[{"embeddable":true,"href":"https:\/\/glueckauf-media.de\/index.php?rest_route=%2Fwp%2Fv2%2Fcomments&post=71"}],"version-history":[{"count":1,"href":"https:\/\/glueckauf-media.de\/index.php?rest_route=\/wp\/v2\/pages\/71\/revisions"}],"predecessor-version":[{"id":72,"href":"https:\/\/glueckauf-media.de\/index.php?rest_route=\/wp\/v2\/pages\/71\/revisions\/72"}],"wp:attachment":[{"href":"https:\/\/glueckauf-media.de\/index.php?rest_route=%2Fwp%2Fv2%2Fmedia&parent=71"}],"curies":[{"name":"wp","href":"https:\/\/api.w.org\/{rel}","templated":true}]}}