{"id":64,"date":"2026-04-19T19:25:28","date_gmt":"2026-04-19T17:25:28","guid":{"rendered":"https:\/\/www.glueckauf-media.de\/?page_id=64"},"modified":"2026-04-19T20:17:56","modified_gmt":"2026-04-19T18:17:56","slug":"impressum","status":"publish","type":"page","link":"https:\/\/glueckauf-media.de\/?page_id=64","title":{"rendered":"Impressum"},"content":{"rendered":"\n<p><\/p>\n\n\n\n<div class=\"wp-block-uagb-container uagb-block-2vbgdhfc alignfull uagb-is-root-container\"><div class=\"uagb-container-inner-blocks-wrap\">\n<div class=\"wp-block-uagb-info-box uagb-block-xwdtyidl uagb-infobox__content-wrap  uagb-infobox-icon-above-title uagb-infobox-image-valign-top\"><div class=\"uagb-ifb-content\"><div class=\"uagb-ifb-title-wrap\"><\/div><p class=\"uagb-ifb-desc\"><strong>Impressum<\/strong><br><strong>Angaben gem\u00e4\u00df \u00a7 5 TMG<\/strong> Philipp Tauber<br> Gl\u00fcck Auf Media Hauptstra\u00dfe 46 92442 Wackersdorf<br><strong>Kontakt<\/strong> Telefon:015678302264 E-Mail:info@untertage-bunker.de <br><br><strong>Redaktionell verantwortlich gem\u00e4\u00df \u00a7 18 Abs. 2 MStV<\/strong> Philipp Tauber  Hauptstra\u00dfe 46 92442 Wackersdorf <br><strong>Hinweis auf Affiliate-Links<\/strong> Die Website \u201eGl\u00fcck Auf Media\u201c nimmt an Affiliate-Partnerprogrammen teil (u.a. [Name der Partner, z.B. Agilite Partnerprogramm]). Auf unseren Seiten werden Affiliate-Links eingesetzt. Durch das Anklicken eines Affiliate-Links und einen anschlie\u00dfenden Kauf erhalten wir eine Provision vom Anbieter. F\u00fcr Sie entstehen dadurch keine Mehrkosten. Diese Links sind durch ein Sternchen (*) oder einen expliziten Hinweis gekennzeichnet.<br><br><strong>EU-Streitschlichtung<\/strong> Die Europ\u00e4ische Kommission stellt eine Plattform zur Online-Streitbeilegung (OS) bereit: <a href=\"https:\/\/ec.europa.eu\/consumers\/odr\/\" target=\"_blank\" rel=\"noreferrer noopener\">https:\/\/ec.europa.eu\/consumers\/odr\/<\/a>. Unsere E-Mail-Adresse finden Sie oben im Impressum.<\/p><\/div><\/div>\n\n\n\n<p class=\"has-text-align-center\"><strong>Wichtiger Sicherheitshinweis &amp; Haftungsausschluss<\/strong><\/p>\n\n\n\n<p class=\"has-text-align-center\">Die auf \u201eGl\u00fcck Auf Media\u201c dargestellten Inhalte (Fotos, Videos, Berichte) dienen ausschlie\u00dflich der Dokumentation und Unterhaltung. Das Betreten von verlassenen Geb\u00e4uden (Urbex), Industrieanlagen und insbesondere von untert\u00e4gigen Bergwerken ist lebensgef\u00e4hrlich und oft rechtlich untersagt (Hausfriedensbruch).<\/p>\n\n\n\n<p class=\"has-text-align-center\"><strong>Wir fordern ausdr\u00fccklich nicht zur Nachahmung auf.<\/strong> Die Gefahr durch Einsturz, giftige Gase, Sauerstoffmangel oder Absturz ist real. \u201eGl\u00fcck Auf Media\u201c \u00fcbernimmt keinerlei Haftung f\u00fcr Personen- oder Sachsch\u00e4den, die durch den Versuch entstehen, die gezeigten Orte zu besuchen oder die vorgestellte Ausr\u00fcstung ohne entsprechende fachliche Einweisung unter Extrembedingungen zu nutzen. <strong>Handeln auf eigene Gefahr.<\/strong><\/p>\n<\/div><\/div>\n","protected":false},"excerpt":{"rendered":"<p>Wichtiger Sicherheitshinweis &amp; Haftungsausschluss Die auf \u201eGl\u00fcck Auf Media\u201c dargestellten Inhalte (Fotos, Videos, Berichte) dienen ausschlie\u00dflich der Dokumentation und Unterhaltung. Das Betreten von verlassenen Geb\u00e4uden (Urbex), Industrieanlagen und insbesondere von untert\u00e4gigen Bergwerken ist lebensgef\u00e4hrlich und oft rechtlich untersagt (Hausfriedensbruch). Wir fordern ausdr\u00fccklich nicht zur Nachahmung auf. Die Gefahr durch Einsturz, giftige Gase, Sauerstoffmangel oder Absturz &#8230; <a title=\"Impressum\" class=\"read-more\" href=\"https:\/\/glueckauf-media.de\/?page_id=64\" aria-label=\"Mehr Informationen \u00fcber Impressum\">Weiterlesen<\/a><\/p>\n","protected":false},"author":1,"featured_media":0,"parent":0,"menu_order":0,"comment_status":"closed","ping_status":"closed","template":"","meta":{"_uag_custom_page_level_css":"","footnotes":""},"class_list":["post-64","page","type-page","status-publish"],"uagb_featured_image_src":{"full":false,"thumbnail":false,"medium":false,"medium_large":false,"large":false,"1536x1536":false,"2048x2048":false},"uagb_author_info":{"display_name":"Phil87","author_link":"https:\/\/glueckauf-media.de\/?author=1"},"uagb_comment_info":0,"uagb_excerpt":"Wichtiger Sicherheitshinweis &amp; Haftungsausschluss Die auf \u201eGl\u00fcck Auf Media\u201c dargestellten Inhalte (Fotos, Videos, Berichte) dienen ausschlie\u00dflich der Dokumentation und Unterhaltung. Das Betreten von verlassenen Geb\u00e4uden (Urbex), Industrieanlagen und insbesondere von untert\u00e4gigen Bergwerken ist lebensgef\u00e4hrlich und oft rechtlich untersagt (Hausfriedensbruch). Wir fordern ausdr\u00fccklich nicht zur Nachahmung auf. Die Gefahr durch Einsturz, giftige Gase, Sauerstoffmangel oder Absturz&hellip;","_links":{"self":[{"href":"https:\/\/glueckauf-media.de\/index.php?rest_route=\/wp\/v2\/pages\/64","targetHints":{"allow":["GET"]}}],"collection":[{"href":"https:\/\/glueckauf-media.de\/index.php?rest_route=\/wp\/v2\/pages"}],"about":[{"href":"https:\/\/glueckauf-media.de\/index.php?rest_route=\/wp\/v2\/types\/page"}],"author":[{"embeddable":true,"href":"https:\/\/glueckauf-media.de\/index.php?rest_route=\/wp\/v2\/users\/1"}],"replies":[{"embeddable":true,"href":"https:\/\/glueckauf-media.de\/index.php?rest_route=%2Fwp%2Fv2%2Fcomments&post=64"}],"version-history":[{"count":2,"href":"https:\/\/glueckauf-media.de\/index.php?rest_route=\/wp\/v2\/pages\/64\/revisions"}],"predecessor-version":[{"id":69,"href":"https:\/\/glueckauf-media.de\/index.php?rest_route=\/wp\/v2\/pages\/64\/revisions\/69"}],"wp:attachment":[{"href":"https:\/\/glueckauf-media.de\/index.php?rest_route=%2Fwp%2Fv2%2Fmedia&parent=64"}],"curies":[{"name":"wp","href":"https:\/\/api.w.org\/{rel}","templated":true}]}}