{"id":46,"date":"2026-04-18T21:53:58","date_gmt":"2026-04-18T19:53:58","guid":{"rendered":"http:\/\/www.glueckauf-media.de\/?page_id=46"},"modified":"2026-04-19T21:22:06","modified_gmt":"2026-04-19T19:22:06","slug":"ausruestung","status":"publish","type":"page","link":"https:\/\/glueckauf-media.de\/?page_id=46","title":{"rendered":"Ausr\u00fcstung"},"content":{"rendered":"\n<div class=\"wp-block-uagb-container uagb-layout-flex uagb-block-qcshckdc alignfull uagb-is-root-container\"><div class=\"uagb-container-inner-blocks-wrap\">\n<ul class=\"wp-block-list\">\n<li>Kamera <a href=\"https:\/\/amzn.to\/4eeYOFZ\">https:\/\/amzn.to\/4eeYOFZ<\/a>*<\/li>\n\n\n\n<li>Objektive <a href=\"https:\/\/amzn.to\/4cjy4Th\">https:\/\/amzn.to\/4cjy4Th<\/a>*<\/li>\n\n\n\n<li>Stativ <a href=\"https:\/\/amzn.to\/4cRbP7b\">https:\/\/amzn.to\/4cRbP7b<\/a>*<\/li>\n\n\n\n<li>Rucksack 1 <a href=\"https:\/\/amzn.to\/42hEooi\">https:\/\/amzn.to\/42hEooi<\/a>*<\/li>\n\n\n\n<li>Rucksack 2 <a href=\"https:\/\/amzn.to\/3OLWyeQ\">https:\/\/amzn.to\/3OLWyeQ<\/a>*<\/li>\n\n\n\n<li>Rucksack 3 <a href=\"https:\/\/amzn.to\/4tSSkRr\">https:\/\/amzn.to\/4tSSkRr<\/a>*<\/li>\n\n\n\n<li>Taschenlampen <a href=\"https:\/\/amzn.to\/487P8sR\">https:\/\/amzn.to\/487P8sR<\/a>*<\/li>\n\n\n\n<li>Stirnlampen <a href=\"https:\/\/amzn.to\/4tuZ1td\">https:\/\/amzn.to\/4tuZ1td<\/a>*<\/li>\n\n\n\n<li>Knicklichter <a href=\"https:\/\/amzn.to\/4sEUqmX\">https:\/\/amzn.to\/4sEUqmX<\/a>*<\/li>\n\n\n\n<li>Wasserfilter <a href=\"https:\/\/amzn.to\/4etiHsH\">https:\/\/amzn.to\/4etiHsH<\/a>*<\/li>\n\n\n\n<li>Trinkflasche <a href=\"https:\/\/amzn.to\/4tnt2LF\">https:\/\/amzn.to\/4tnt2LF<\/a>*<\/li>\n\n\n\n<li>Erste Hilfe Kit Premium: <a href=\"https:\/\/amzn.to\/4cWNU5t\">https:\/\/amzn.to\/4cWNU5t<\/a>* Budget: <a href=\"https:\/\/amzn.to\/4trb4Ia\">https:\/\/amzn.to\/4trb4Ia<\/a>*<\/li>\n\n\n\n<li>Messer <a href=\"https:\/\/amzn.to\/4cuuR1R\">https:\/\/amzn.to\/4cuuR1R<\/a>*<\/li>\n\n\n\n<li>Multitool Premium: <a href=\"https:\/\/amzn.to\/4tQti5u\">https:\/\/amzn.to\/4tQti5u<\/a>* Budget:<a href=\"https:\/\/amzn.to\/4tQti5u\">https:\/\/amzn.to\/4tQti5u<\/a>*<\/li>\n\n\n\n<li>Helm <a href=\"https:\/\/amzn.to\/4cWNU5t\">https:\/\/amzn.to\/4cWNU5t<\/a>*<\/li>\n\n\n\n<li>Handschuhe <a href=\"https:\/\/amzn.to\/41DleJo\">https:\/\/amzn.to\/41DleJo<\/a>*<\/li>\n\n\n\n<li>Stiefel <a href=\"https:\/\/amzn.to\/4cWNU5t\">https:\/\/amzn.to\/4cWNU5t<\/a>* <a href=\"https:\/\/amzn.to\/3QwosvL\">https:\/\/amzn.to\/3QwosvL<\/a>*<\/li>\n\n\n\n<li>Softshelljacke <a href=\"https:\/\/amzn.to\/4mLoEDG\">https:\/\/amzn.to\/4mLoEDG<\/a>*<\/li>\n\n\n\n<li>Winterjacke <a href=\"https:\/\/amzn.to\/4mDBrYt\">https:\/\/amzn.to\/4mDBrYt<\/a>*<\/li>\n\n\n\n<li>Regenjacke <a href=\"https:\/\/amzn.to\/4ck66qn\">https:\/\/amzn.to\/4ck66qn<\/a>*<\/li>\n\n\n\n<li>Fleecejacke <a href=\"https:\/\/amzn.to\/3Ofua4G\">https:\/\/amzn.to\/3Ofua4G<\/a>*<\/li>\n\n\n\n<li>Hose <a href=\"https:\/\/amzn.to\/4ckoKyw\">https:\/\/amzn.to\/4ckoKyw<\/a>* <a href=\"https:\/\/amzn.to\/3OOmaYr\">https:\/\/amzn.to\/3OOmaYr<\/a>*<a href=\"https:\/\/amzn.to\/4e1DT9f\">https:\/\/amzn.to\/4e1DT9f<\/a>*<\/li>\n<\/ul>\n\n\n\n<div class=\"wp-block-uagb-info-box uagb-block-f29ced81 uagb-infobox__content-wrap  uagb-infobox-icon-above-title uagb-infobox-image-valign-top\"><div class=\"uagb-ifb-content\"><div class=\"uagb-ifb-title-wrap\"><\/div><p class=\"uagb-ifb-desc\"><strong>* Affiliate-Links:<\/strong> > Auf dieser Seite verwende ich Affiliate-Links. Das bedeutet, dass ich eine Provision erhalte, wenn du auf einen Link klickst und anschlie\u00dfend ein Produkt kaufst. Ich empfehle hier ausschlie\u00dflich Ausr\u00fcstung, die ich selbst getestet habe und von deren Qualit\u00e4t ich absolut \u00fcberzeugt bin. Mein Testurteil bleibt davon unbeeinflusst.<\/p><\/div><\/div>\n<\/div><\/div>\n","protected":false},"excerpt":{"rendered":"","protected":false},"author":1,"featured_media":0,"parent":0,"menu_order":0,"comment_status":"closed","ping_status":"closed","template":"","meta":{"_uag_custom_page_level_css":"","footnotes":""},"class_list":["post-46","page","type-page","status-publish"],"uagb_featured_image_src":{"full":false,"thumbnail":false,"medium":false,"medium_large":false,"large":false,"1536x1536":false,"2048x2048":false},"uagb_author_info":{"display_name":"Phil87","author_link":"https:\/\/glueckauf-media.de\/?author=1"},"uagb_comment_info":0,"uagb_excerpt":null,"_links":{"self":[{"href":"https:\/\/glueckauf-media.de\/index.php?rest_route=\/wp\/v2\/pages\/46","targetHints":{"allow":["GET"]}}],"collection":[{"href":"https:\/\/glueckauf-media.de\/index.php?rest_route=\/wp\/v2\/pages"}],"about":[{"href":"https:\/\/glueckauf-media.de\/index.php?rest_route=\/wp\/v2\/types\/page"}],"author":[{"embeddable":true,"href":"https:\/\/glueckauf-media.de\/index.php?rest_route=\/wp\/v2\/users\/1"}],"replies":[{"embeddable":true,"href":"https:\/\/glueckauf-media.de\/index.php?rest_route=%2Fwp%2Fv2%2Fcomments&post=46"}],"version-history":[{"count":9,"href":"https:\/\/glueckauf-media.de\/index.php?rest_route=\/wp\/v2\/pages\/46\/revisions"}],"predecessor-version":[{"id":90,"href":"https:\/\/glueckauf-media.de\/index.php?rest_route=\/wp\/v2\/pages\/46\/revisions\/90"}],"wp:attachment":[{"href":"https:\/\/glueckauf-media.de\/index.php?rest_route=%2Fwp%2Fv2%2Fmedia&parent=46"}],"curies":[{"name":"wp","href":"https:\/\/api.w.org\/{rel}","templated":true}]}}